{"id":6151,"date":"2019-11-27T16:25:46","date_gmt":"2019-11-27T15:25:46","guid":{"rendered":"https:\/\/zahnarzt-blankenburg.de\/2019\/?page_id=6151"},"modified":"2019-11-27T16:43:23","modified_gmt":"2019-11-27T15:43:23","slug":"jobangebote","status":"publish","type":"page","link":"https:\/\/zahnarzt-blankenburg.de\/2019\/jobangebote\/","title":{"rendered":"Jobangebote"},"content":{"rendered":"\t\t<div data-elementor-type=\"wp-post\" data-elementor-id=\"6151\" class=\"elementor elementor-6151\">\n\t\t\t\t\t\t\t\t\t<section class=\"elementor-section elementor-top-section elementor-element elementor-element-4b7e0e5 elementor-section-boxed elementor-section-height-default elementor-section-height-default\" data-id=\"4b7e0e5\" data-element_type=\"section\">\n\t\t\t\t\t\t<div class=\"elementor-container elementor-column-gap-default\">\n\t\t\t\t\t<div class=\"elementor-column elementor-col-33 elementor-top-column elementor-element elementor-element-8526e56\" data-id=\"8526e56\" data-element_type=\"column\">\n\t\t\t<div class=\"elementor-widget-wrap elementor-element-populated\">\n\t\t\t\t\t\t\t\t<div class=\"elementor-element-custom_font_size elementor-element-custom_line_height elementor-element-custom_font_weight elementor-element elementor-element-87bf4fb elementor-widget elementor-widget-text-editor\" data-id=\"87bf4fb\" data-element_type=\"widget\" data-widget_type=\"text-editor.default\">\n\t\t\t\t<div class=\"elementor-widget-container\">\n\t\t\t\t\t\t\t<h2><strong>Wir bieten:<\/strong><\/h2>\n\n\n\n\t\t\t\t\t\t<\/div>\n\t\t\t\t<\/div>\n\t\t\t\t<div class=\"elementor-element elementor-element-f0a23bf elementor-widget elementor-widget-text-editor\" data-id=\"f0a23bf\" data-element_type=\"widget\" data-widget_type=\"text-editor.default\">\n\t\t\t\t<div class=\"elementor-widget-container\">\n\t\t\t\t\t\t\t<ul>\n \t<li>individuelle Arbeitszeiten<\/li>\n \t<li>gro\u00dfz\u00fcgige Urlaubsregelung<\/li>\n \t<li>gute Bezahlung<\/li>\n \t<li>Fortbildungsm\u00f6glichkeiten<\/li>\n \t<li>Arbeiten auf allen Gebieten der Zahnmedizin <li>modern ausgestattete voll digitalisierte Praxis<\/li>\n<li>Arbeiten mit eigenem Patientenstamm und Betreuung durch erfahrene Praktiker<\/li>\n\n<\/ul>\t\t\t\t\t\t<\/div>\n\t\t\t\t<\/div>\n\t\t\t\t\t<\/div>\n\t\t<\/div>\n\t\t\t\t<div class=\"elementor-column elementor-col-33 elementor-top-column elementor-element elementor-element-e195885\" data-id=\"e195885\" data-element_type=\"column\">\n\t\t\t<div class=\"elementor-widget-wrap elementor-element-populated\">\n\t\t\t\t\t\t\t\t<div class=\"elementor-element-custom_font_size elementor-element-custom_line_height elementor-element-custom_font_weight elementor-element elementor-element-3193a58 elementor-widget elementor-widget-text-editor\" data-id=\"3193a58\" data-element_type=\"widget\" data-widget_type=\"text-editor.default\">\n\t\t\t\t<div class=\"elementor-widget-container\">\n\t\t\t\t\t\t\t<h2><strong>Wir erwarten:\n<\/strong><\/h2>\t\t\t\t\t\t<\/div>\n\t\t\t\t<\/div>\n\t\t\t\t<div class=\"elementor-element elementor-element-e379a99 elementor-widget elementor-widget-text-editor\" data-id=\"e379a99\" data-element_type=\"widget\" data-widget_type=\"text-editor.default\">\n\t\t\t\t<div class=\"elementor-widget-container\">\n\t\t\t\t\t\t\t<ul>\n \t<li> Motivation <\/li>\n \t<li> Leistungsbereitschaft <\/li>\n \t<li> Lernbereitschaft <\/li>\n \t<li> Teamf\u00e4higkeit <\/li>\n \t\n<\/ul>\t\t\t\t\t\t<\/div>\n\t\t\t\t<\/div>\n\t\t\t\t\t<\/div>\n\t\t<\/div>\n\t\t\t\t<div class=\"elementor-column elementor-col-33 elementor-top-column elementor-element elementor-element-22524e8\" data-id=\"22524e8\" data-element_type=\"column\">\n\t\t\t<div class=\"elementor-widget-wrap elementor-element-populated\">\n\t\t\t\t\t\t\t\t<div class=\"elementor-element elementor-element-b46cba3 elementor-widget elementor-widget-text-editor\" data-id=\"b46cba3\" data-element_type=\"widget\" data-widget_type=\"text-editor.default\">\n\t\t\t\t<div class=\"elementor-widget-container\">\n\t\t\t\t\t\t\t<p>F\u00fcr unseren stets wachsenden Patientenstamm suchen wir Verst\u00e4rkung!<\/p><p>Wir sind ein eingespieltes und freundliches Team mit modernsten Behandlungsm\u00f6glichkeiten in einem wundersch\u00f6nen Praxisambiente.<\/p>\t\t\t\t\t\t<\/div>\n\t\t\t\t<\/div>\n\t\t\t\t\t<\/div>\n\t\t<\/div>\n\t\t\t\t\t\t\t<\/div>\n\t\t<\/section>\n\t\t\t\t<section class=\"elementor-section elementor-top-section elementor-element elementor-element-b0acbd4 elementor-section-stretched elementor-section-boxed elementor-section-height-default elementor-section-height-default\" data-id=\"b0acbd4\" data-element_type=\"section\" data-settings=\"{&quot;stretch_section&quot;:&quot;section-stretched&quot;}\">\n\t\t\t\t\t\t<div class=\"elementor-container elementor-column-gap-default\">\n\t\t\t\t\t<div class=\"elementor-column elementor-col-100 elementor-top-column elementor-element elementor-element-52069f2\" data-id=\"52069f2\" data-element_type=\"column\">\n\t\t\t<div class=\"elementor-widget-wrap elementor-element-populated\">\n\t\t\t\t\t\t\t\t<div class=\"elementor-element elementor-element-a09bfa8 elementor-widget elementor-widget-spacer\" data-id=\"a09bfa8\" data-element_type=\"widget\" data-widget_type=\"spacer.default\">\n\t\t\t\t<div class=\"elementor-widget-container\">\n\t\t\t\t\t<div class=\"elementor-spacer\">\n\t\t\t<div class=\"elementor-spacer-inner\"><\/div>\n\t\t<\/div>\n\t\t\t\t<\/div>\n\t\t\t\t<\/div>\n\t\t\t\t<section class=\"elementor-section elementor-inner-section elementor-element elementor-element-9285ecc elementor-reverse-mobile elementor-section-boxed elementor-section-height-default elementor-section-height-default\" data-id=\"9285ecc\" data-element_type=\"section\">\n\t\t\t\t\t\t<div class=\"elementor-container elementor-column-gap-default\">\n\t\t\t\t\t<div class=\"elementor-column elementor-col-50 elementor-inner-column elementor-element elementor-element-60ab30a\" data-id=\"60ab30a\" data-element_type=\"column\">\n\t\t\t<div class=\"elementor-widget-wrap elementor-element-populated\">\n\t\t\t\t\t\t\t\t<div class=\"elementor-element elementor-element-e964963 elementor-widget elementor-widget-image\" data-id=\"e964963\" data-element_type=\"widget\" data-widget_type=\"image.default\">\n\t\t\t\t<div class=\"elementor-widget-container\">\n\t\t\t\t\t\t\t\t\t\t\t\t\t\t\t<img decoding=\"async\" loading=\"lazy\" width=\"558\" height=\"800\" src=\"https:\/\/zahnarzt-blankenburg.de\/2019\/wp-content\/uploads\/2019\/08\/downloads.jpg\" class=\"attachment-large size-large wp-image-6009\" alt=\"\" srcset=\"https:\/\/zahnarzt-blankenburg.de\/2019\/wp-content\/uploads\/2019\/08\/downloads.jpg 558w, https:\/\/zahnarzt-blankenburg.de\/2019\/wp-content\/uploads\/2019\/08\/downloads-209x300.jpg 209w\" sizes=\"(max-width: 558px) 100vw, 558px\" title=\"downloads\" \/>\t\t\t\t\t\t\t\t\t\t\t\t\t\t\t<\/div>\n\t\t\t\t<\/div>\n\t\t\t\t\t<\/div>\n\t\t<\/div>\n\t\t\t\t<div class=\"elementor-column elementor-col-50 elementor-inner-column elementor-element elementor-element-4c5a2f8\" data-id=\"4c5a2f8\" data-element_type=\"column\">\n\t\t\t<div class=\"elementor-widget-wrap elementor-element-populated\">\n\t\t\t\t\t\t\t\t<div class=\"elementor-element elementor-element-b21adc2 elementor-widget elementor-widget-spacer\" data-id=\"b21adc2\" data-element_type=\"widget\" data-widget_type=\"spacer.default\">\n\t\t\t\t<div class=\"elementor-widget-container\">\n\t\t\t\t\t<div class=\"elementor-spacer\">\n\t\t\t<div class=\"elementor-spacer-inner\"><\/div>\n\t\t<\/div>\n\t\t\t\t<\/div>\n\t\t\t\t<\/div>\n\t\t\t\t<div class=\"elementor-element-custom_font_size elementor-element-custom_font_size_tablet elementor-element-custom_line_height elementor-element-custom_font_weight elementor-element elementor-element-3163c79 elementor-widget elementor-widget-text-editor\" data-id=\"3163c79\" data-element_type=\"widget\" data-widget_type=\"text-editor.default\">\n\t\t\t\t<div class=\"elementor-widget-container\">\n\t\t\t\t\t\t\t<h2 class=\"vamtam-heading \"><span class=\"vamtam-heading-text\"><b>Suchen<\/b><span>\u00a0<\/span>Sie eine neue Herausforderung und wollen Sie sich beruflich weiterentwickeln?<\/span><\/h2>\t\t\t\t\t\t<\/div>\n\t\t\t\t<\/div>\n\t\t\t\t<div class=\"elementor-element-custom_font_size elementor-element-custom_font_size_tablet elementor-element-custom_line_height elementor-element-custom_line_height_tablet elementor-element-custom_font_weight elementor-element elementor-element-f1b91ee elementor-widget elementor-widget-text-editor\" data-id=\"f1b91ee\" data-element_type=\"widget\" data-widget_type=\"text-editor.default\">\n\t\t\t\t<div class=\"elementor-widget-container\">\n\t\t\t\t\t\t\t<h2><span style=\"font-weight: 300;\"> Wir freuen uns \u00fcber Ihre schriftliche <span style=\"font-weight: bold;\">BEWERBUNG\u00a0<\/span><\/span><\/h2>\t\t\t\t\t\t<\/div>\n\t\t\t\t<\/div>\n\t\t\t\t<div class=\"elementor-element elementor-element-0c2e5f9 elementor-widget elementor-widget-spacer\" data-id=\"0c2e5f9\" data-element_type=\"widget\" data-widget_type=\"spacer.default\">\n\t\t\t\t<div class=\"elementor-widget-container\">\n\t\t\t\t\t<div class=\"elementor-spacer\">\n\t\t\t<div class=\"elementor-spacer-inner\"><\/div>\n\t\t<\/div>\n\t\t\t\t<\/div>\n\t\t\t\t<\/div>\n\t\t\t\t<div class=\"elementor-element-custom_color elementor-element elementor-element-6ae57b2 elementor-widget elementor-widget-text-editor\" data-id=\"6ae57b2\" data-element_type=\"widget\" data-widget_type=\"text-editor.default\">\n\t\t\t\t<div class=\"elementor-widget-container\">\n\t\t\t\t\t\t\t<p>Kontaktdaten f\u00fcr Ihre Bewerbung in unserer Praxis.<\/p>\t\t\t\t\t\t<\/div>\n\t\t\t\t<\/div>\n\t\t\t\t<div class=\"gt3-core-button--alignment_inline elementor-element elementor-element-88d70e9 elementor-widget elementor-widget-gt3-core-button\" data-id=\"88d70e9\" data-element_type=\"widget\" data-widget_type=\"gt3-core-button.default\">\n\t\t\t\t<div class=\"elementor-widget-container\">\n\t\t\t\t<div class=\"gt3_module_button_elementor size_normal alignment_inline button_icon_none hover_none rounded\">\r\n\t\t<a class=\"button_size_elementor_normal alignment_inline border_icon_none hover_none btn_icon_position_left\" href=\"https:\/\/zahnarzt-blankenburg.de\/2019\/wp-content\/uploads\/2019\/08\/Patienteninfo-Implantation.pdf\" target=\"_blank\">\r\n\t\t\t\t<span class=\"gt3_module_button__container\">\r\n\t\t\t\t\t\t\t\t\t\t\t<span class=\"gt3_module_button__cover front\"><span class=\"elementor_gt3_btn_text\">KONTAKT<\/span><\/span>\r\n\t\t\t\t\t\t\t\t\t\t\t\t\t\t\t<\/span>\r\n\t\t<\/a>\r\n\t<\/div>\r\n\r\n<script type=\"application\/json\" id=\"settings--88d70e9\">[]<\/script>\t\t<\/div>\n\t\t\t\t<\/div>\n\t\t\t\t<div class=\"elementor-element elementor-element-2347288 elementor-widget elementor-widget-spacer\" data-id=\"2347288\" data-element_type=\"widget\" data-widget_type=\"spacer.default\">\n\t\t\t\t<div class=\"elementor-widget-container\">\n\t\t\t\t\t<div class=\"elementor-spacer\">\n\t\t\t<div class=\"elementor-spacer-inner\"><\/div>\n\t\t<\/div>\n\t\t\t\t<\/div>\n\t\t\t\t<\/div>\n\t\t\t\t\t<\/div>\n\t\t<\/div>\n\t\t\t\t\t\t\t<\/div>\n\t\t<\/section>\n\t\t\t\t\t<\/div>\n\t\t<\/div>\n\t\t\t\t\t\t\t<\/div>\n\t\t<\/section>\n\t\t\t\t\t\t\t<\/div>\n\t\t","protected":false},"excerpt":{"rendered":"<p>Wir bieten: individuelle Arbeitszeiten gro\u00dfz\u00fcgige Urlaubsregelung gute Bezahlung Fortbildungsm\u00f6glichkeiten Arbeiten auf allen Gebieten der Zahnmedizin modern ausgestattete voll digitalisierte Praxis Arbeiten mit eigenem Patientenstamm und Betreuung durch erfahrene Praktiker Wir erwarten: Motivation Leistungsbereitschaft Lernbereitschaft Teamf\u00e4higkeit F\u00fcr unseren stets wachsenden Patientenstamm suchen wir Verst\u00e4rkung! Wir sind ein eingespieltes und freundliches Team mit modernsten Behandlungsm\u00f6glichkeiten in einem [&hellip;]<\/p>\n","protected":false},"author":1,"featured_media":0,"parent":0,"menu_order":0,"comment_status":"closed","ping_status":"closed","template":"","meta":{"_seopress_robots_primary_cat":"","footnotes":""},"_links":{"self":[{"href":"https:\/\/zahnarzt-blankenburg.de\/2019\/wp-json\/wp\/v2\/pages\/6151"}],"collection":[{"href":"https:\/\/zahnarzt-blankenburg.de\/2019\/wp-json\/wp\/v2\/pages"}],"about":[{"href":"https:\/\/zahnarzt-blankenburg.de\/2019\/wp-json\/wp\/v2\/types\/page"}],"author":[{"embeddable":true,"href":"https:\/\/zahnarzt-blankenburg.de\/2019\/wp-json\/wp\/v2\/users\/1"}],"replies":[{"embeddable":true,"href":"https:\/\/zahnarzt-blankenburg.de\/2019\/wp-json\/wp\/v2\/comments?post=6151"}],"version-history":[{"count":6,"href":"https:\/\/zahnarzt-blankenburg.de\/2019\/wp-json\/wp\/v2\/pages\/6151\/revisions"}],"predecessor-version":[{"id":6158,"href":"https:\/\/zahnarzt-blankenburg.de\/2019\/wp-json\/wp\/v2\/pages\/6151\/revisions\/6158"}],"wp:attachment":[{"href":"https:\/\/zahnarzt-blankenburg.de\/2019\/wp-json\/wp\/v2\/media?parent=6151"}],"curies":[{"name":"wp","href":"https:\/\/api.w.org\/{rel}","templated":true}]}}