{"id":6070,"date":"2019-08-13T10:09:23","date_gmt":"2019-08-13T08:09:23","guid":{"rendered":"https:\/\/zahnarzt-blankenburg.de\/2019\/?page_id=6070"},"modified":"2019-11-27T14:36:11","modified_gmt":"2019-11-27T13:36:11","slug":"praxis","status":"publish","type":"page","link":"https:\/\/zahnarzt-blankenburg.de\/2019\/praxis\/","title":{"rendered":"Praxis"},"content":{"rendered":"\t\t<div data-elementor-type=\"wp-post\" data-elementor-id=\"6070\" class=\"elementor elementor-6070\">\n\t\t\t\t\t\t\t\t\t<section class=\"elementor-section elementor-top-section elementor-element elementor-element-e8e63c3 elementor-section-stretched elementor-section-full_width elementor-section-height-min-height elementor-section-items-stretch elementor-section-content-middle elementor-section-height-default\" data-id=\"e8e63c3\" data-element_type=\"section\" data-settings=\"{&quot;stretch_section&quot;:&quot;section-stretched&quot;}\">\n\t\t\t\t\t\t<div class=\"elementor-container elementor-column-gap-default\">\n\t\t\t\t\t<div class=\"elementor-column elementor-col-50 elementor-top-column elementor-element elementor-element-110c645\" data-id=\"110c645\" data-element_type=\"column\" data-settings=\"{&quot;background_background&quot;:&quot;classic&quot;}\">\n\t\t\t<div class=\"elementor-widget-wrap elementor-element-populated\">\n\t\t\t\t\t<div class=\"elementor-background-overlay\"><\/div>\n\t\t\t\t\t\t\t\t<div class=\"elementor-element elementor-element-73e20f5 elementor-widget elementor-widget-spacer\" data-id=\"73e20f5\" data-element_type=\"widget\" data-widget_type=\"spacer.default\">\n\t\t\t\t<div class=\"elementor-widget-container\">\n\t\t\t\t\t<div class=\"elementor-spacer\">\n\t\t\t<div class=\"elementor-spacer-inner\"><\/div>\n\t\t<\/div>\n\t\t\t\t<\/div>\n\t\t\t\t<\/div>\n\t\t\t\t<div class=\"elementor-element elementor-element-a75124c elementor-widget elementor-widget-spacer\" data-id=\"a75124c\" data-element_type=\"widget\" data-widget_type=\"spacer.default\">\n\t\t\t\t<div class=\"elementor-widget-container\">\n\t\t\t\t\t<div class=\"elementor-spacer\">\n\t\t\t<div class=\"elementor-spacer-inner\"><\/div>\n\t\t<\/div>\n\t\t\t\t<\/div>\n\t\t\t\t<\/div>\n\t\t\t\t<div class=\"elementor-element-custom_font_size elementor-element-custom_line_height elementor-element-custom_font_weight elementor-element-custom_color elementor-element elementor-element-d20fd9d elementor-widget elementor-widget-text-editor\" data-id=\"d20fd9d\" data-element_type=\"widget\" data-widget_type=\"text-editor.default\">\n\t\t\t\t<div class=\"elementor-widget-container\">\n\t\t\t\t\t\t\t<h2><span style=\"font-weight: 300;\" class=\"gt3_font-weight\"><span style=\"font-weight: bold;\" class=\"gt3_font-weight\"><span>TORSTEN JENSCH<\/span><\/span><\/span><\/h2>\t\t\t\t\t\t<\/div>\n\t\t\t\t<\/div>\n\t\t\t\t<div class=\"elementor-element-custom_font_size elementor-element-custom_line_height elementor-element-custom_font_weight elementor-element-custom_color elementor-element elementor-element-970e0da elementor-widget elementor-widget-text-editor\" data-id=\"970e0da\" data-element_type=\"widget\" data-widget_type=\"text-editor.default\">\n\t\t\t\t<div class=\"elementor-widget-container\">\n\t\t\t\t\t\t\t<h3>DR. MED. DENT.<\/h3>\t\t\t\t\t\t<\/div>\n\t\t\t\t<\/div>\n\t\t\t\t<div class=\"elementor-element elementor-element-2bc1fc3 elementor-widget elementor-widget-spacer\" data-id=\"2bc1fc3\" data-element_type=\"widget\" data-widget_type=\"spacer.default\">\n\t\t\t\t<div class=\"elementor-widget-container\">\n\t\t\t\t\t<div class=\"elementor-spacer\">\n\t\t\t<div class=\"elementor-spacer-inner\"><\/div>\n\t\t<\/div>\n\t\t\t\t<\/div>\n\t\t\t\t<\/div>\n\t\t\t\t\t<\/div>\n\t\t<\/div>\n\t\t\t\t<div class=\"elementor-column elementor-col-50 elementor-top-column elementor-element elementor-element-e764a53\" data-id=\"e764a53\" data-element_type=\"column\">\n\t\t\t<div class=\"elementor-widget-wrap elementor-element-populated\">\n\t\t\t\t\t\t\t\t<div class=\"elementor-element elementor-element-80532e3 elementor-widget elementor-widget-spacer\" data-id=\"80532e3\" data-element_type=\"widget\" data-widget_type=\"spacer.default\">\n\t\t\t\t<div class=\"elementor-widget-container\">\n\t\t\t\t\t<div class=\"elementor-spacer\">\n\t\t\t<div class=\"elementor-spacer-inner\"><\/div>\n\t\t<\/div>\n\t\t\t\t<\/div>\n\t\t\t\t<\/div>\n\t\t\t\t<div class=\"elementor-element-custom_font_size elementor-element-custom_line_height elementor-element-custom_font_weight elementor-element elementor-element-2b0a5d4b elementor-widget elementor-widget-text-editor\" data-id=\"2b0a5d4b\" data-element_type=\"widget\" data-widget_type=\"text-editor.default\">\n\t\t\t\t<div class=\"elementor-widget-container\">\n\t\t\t\t\t\t\t<h2><span style=\"font-weight: 300;\" class=\"gt3_font-weight\"><span style=\"font-weight: bold;\" class=\"gt3_font-weight\">Die <\/span>Praxis<\/span><\/h2>\t\t\t\t\t\t<\/div>\n\t\t\t\t<\/div>\n\t\t\t\t<div class=\"elementor-element elementor-element-8fc8081 elementor-widget elementor-widget-spacer\" data-id=\"8fc8081\" data-element_type=\"widget\" data-widget_type=\"spacer.default\">\n\t\t\t\t<div class=\"elementor-widget-container\">\n\t\t\t\t\t<div class=\"elementor-spacer\">\n\t\t\t<div class=\"elementor-spacer-inner\"><\/div>\n\t\t<\/div>\n\t\t\t\t<\/div>\n\t\t\t\t<\/div>\n\t\t\t\t<div class=\"elementor-element-custom_font_size elementor-element-custom_font_size_tablet elementor-element-custom_line_height elementor-element-custom_font_weight elementor-element elementor-element-37f0a8e elementor-widget elementor-widget-text-editor\" data-id=\"37f0a8e\" data-element_type=\"widget\" data-widget_type=\"text-editor.default\">\n\t\t\t\t<div class=\"elementor-widget-container\">\n\t\t\t\t\t\t\t<p style=\"text-align: left;\">\t \t \n \tMein Ziel ist es, Ihnen einen entspannten Aufenthalt in ruhiger und wohltuender Atmosph\u00e4re zu erm\u00f6glichen. Erleben\nSie auch au\u00dferhalb des Behandlungsraumes die Freundlichkeit und fachliche Kompetenz unseres jungen Teams. <\/p>\t\t\t\t\t\t<\/div>\n\t\t\t\t<\/div>\n\t\t\t\t<div class=\"elementor-element elementor-element-4036918 elementor-widget elementor-widget-spacer\" data-id=\"4036918\" data-element_type=\"widget\" data-widget_type=\"spacer.default\">\n\t\t\t\t<div class=\"elementor-widget-container\">\n\t\t\t\t\t<div class=\"elementor-spacer\">\n\t\t\t<div class=\"elementor-spacer-inner\"><\/div>\n\t\t<\/div>\n\t\t\t\t<\/div>\n\t\t\t\t<\/div>\n\t\t\t\t<div class=\"elementor-element elementor-element-cec030b elementor-widget elementor-widget-text-editor\" data-id=\"cec030b\" data-element_type=\"widget\" data-widget_type=\"text-editor.default\">\n\t\t\t\t<div class=\"elementor-widget-container\">\n\t\t\t\t\t\t\tMein Ziel ist es, Ihnen einen entspannten Aufenthalt in ruhiger und wohltuender Atmosph\u00e4re zu erm\u00f6glichen. Erleben\nSie auch au\u00dferhalb des Behandlungsraumes die Freundlichkeit und fachliche Kompetenz unseres jungen Teams.\n\nSeit 1999 befindet sich meine modern eingerichtete Praxis am Bahnhof in Blankenburg (Harz). Ausgestattet mit drei Behandlungsr\u00e4umen, Praxis &#8211; TV im Warteraum sowie einer Spielecke f\u00fcr unsere kleinsten Patienten k\u00f6nnen wir Ihnen Ihren Aufenthalt so angenehm wie m\u00f6glich gestalten.\n\nNeben den \u00fcblichen Zahnbehandlungen bieten wir Ihnen besondere Leistungen wie Hypnose, Vollnarkose, amalgam-\nfreie Versorgung, Problematik Schnarchen und Knirschen sowie den Service von Teilzahlung und ausl\u00e4ndischen\nZahnersatz an.\n\n<strong>Das Wichtigste ist Ihr Vertrauen. Bei uns stehen Sie als Patient im Mittelpunkt.<\/strong>\n\nProbleme mit den Z\u00e4hnen am Wochenende oder an Feiertagen? Hier finden Sie den <a href=\"https:\/\/zahnarzt-notdienst-wernigerode-blankenburg-oberharz.de\/\" target=\"_blank\" rel=\"noopener\">zahn\u00e4rztlichen Notdienst<\/a>.\t\t\t\t\t\t<\/div>\n\t\t\t\t<\/div>\n\t\t\t\t<div class=\"elementor-element elementor-element-3cd4adf elementor-widget elementor-widget-spacer\" data-id=\"3cd4adf\" data-element_type=\"widget\" data-widget_type=\"spacer.default\">\n\t\t\t\t<div class=\"elementor-widget-container\">\n\t\t\t\t\t<div class=\"elementor-spacer\">\n\t\t\t<div class=\"elementor-spacer-inner\"><\/div>\n\t\t<\/div>\n\t\t\t\t<\/div>\n\t\t\t\t<\/div>\n\t\t\t\t<div class=\"elementor-element elementor-element-5dfb51b elementor-widget elementor-widget-spacer\" data-id=\"5dfb51b\" data-element_type=\"widget\" data-widget_type=\"spacer.default\">\n\t\t\t\t<div class=\"elementor-widget-container\">\n\t\t\t\t\t<div class=\"elementor-spacer\">\n\t\t\t<div class=\"elementor-spacer-inner\"><\/div>\n\t\t<\/div>\n\t\t\t\t<\/div>\n\t\t\t\t<\/div>\n\t\t\t\t\t<\/div>\n\t\t<\/div>\n\t\t\t\t\t\t\t<\/div>\n\t\t<\/section>\n\t\t\t\t\t\t\t<\/div>\n\t\t","protected":false},"excerpt":{"rendered":"<p>TORSTEN JENSCH DR. MED. DENT. Die Praxis Mein Ziel ist es, Ihnen einen entspannten Aufenthalt in ruhiger und wohltuender Atmosph\u00e4re zu erm\u00f6glichen. Erleben Sie auch au\u00dferhalb des Behandlungsraumes die Freundlichkeit und fachliche Kompetenz unseres jungen Teams. Mein Ziel ist es, Ihnen einen entspannten Aufenthalt in ruhiger und wohltuender Atmosph\u00e4re zu erm\u00f6glichen. Erleben Sie auch au\u00dferhalb [&hellip;]<\/p>\n","protected":false},"author":1,"featured_media":0,"parent":0,"menu_order":0,"comment_status":"closed","ping_status":"closed","template":"","meta":{"_seopress_robots_primary_cat":"","footnotes":""},"_links":{"self":[{"href":"https:\/\/zahnarzt-blankenburg.de\/2019\/wp-json\/wp\/v2\/pages\/6070"}],"collection":[{"href":"https:\/\/zahnarzt-blankenburg.de\/2019\/wp-json\/wp\/v2\/pages"}],"about":[{"href":"https:\/\/zahnarzt-blankenburg.de\/2019\/wp-json\/wp\/v2\/types\/page"}],"author":[{"embeddable":true,"href":"https:\/\/zahnarzt-blankenburg.de\/2019\/wp-json\/wp\/v2\/users\/1"}],"replies":[{"embeddable":true,"href":"https:\/\/zahnarzt-blankenburg.de\/2019\/wp-json\/wp\/v2\/comments?post=6070"}],"version-history":[{"count":6,"href":"https:\/\/zahnarzt-blankenburg.de\/2019\/wp-json\/wp\/v2\/pages\/6070\/revisions"}],"predecessor-version":[{"id":6134,"href":"https:\/\/zahnarzt-blankenburg.de\/2019\/wp-json\/wp\/v2\/pages\/6070\/revisions\/6134"}],"wp:attachment":[{"href":"https:\/\/zahnarzt-blankenburg.de\/2019\/wp-json\/wp\/v2\/media?parent=6070"}],"curies":[{"name":"wp","href":"https:\/\/api.w.org\/{rel}","templated":true}]}}