{"id":6004,"date":"2019-08-12T20:02:42","date_gmt":"2019-08-12T18:02:42","guid":{"rendered":"https:\/\/zahnarzt-blankenburg.de\/2019\/?page_id=6004"},"modified":"2019-08-13T11:29:47","modified_gmt":"2019-08-13T09:29:47","slug":"patienten-info","status":"publish","type":"page","link":"https:\/\/zahnarzt-blankenburg.de\/2019\/patienten-info\/","title":{"rendered":"Patienten-Info"},"content":{"rendered":"\t\t<div data-elementor-type=\"wp-post\" data-elementor-id=\"6004\" class=\"elementor elementor-6004\">\n\t\t\t\t\t\t\t\t\t<section class=\"elementor-section elementor-top-section elementor-element elementor-element-4b7e0e5 elementor-section-boxed elementor-section-height-default elementor-section-height-default\" data-id=\"4b7e0e5\" data-element_type=\"section\">\n\t\t\t\t\t\t<div class=\"elementor-container elementor-column-gap-default\">\n\t\t\t\t\t<div class=\"elementor-column elementor-col-33 elementor-top-column elementor-element elementor-element-8526e56\" data-id=\"8526e56\" data-element_type=\"column\">\n\t\t\t<div class=\"elementor-widget-wrap elementor-element-populated\">\n\t\t\t\t\t\t\t\t<div class=\"elementor-element-custom_font_size elementor-element-custom_line_height elementor-element-custom_font_weight elementor-element elementor-element-3193a58 elementor-widget elementor-widget-text-editor\" data-id=\"3193a58\" data-element_type=\"widget\" data-widget_type=\"text-editor.default\">\n\t\t\t\t<div class=\"elementor-widget-container\">\n\t\t\t\t\t\t\t<h2>Implantation &#8211; Mundhygiene &#8211; Reisezahnmedizin<\/h2>\t\t\t\t\t\t<\/div>\n\t\t\t\t<\/div>\n\t\t\t\t<div class=\"elementor-element elementor-element-154a4f2 elementor-widget elementor-widget-spacer\" data-id=\"154a4f2\" data-element_type=\"widget\" data-widget_type=\"spacer.default\">\n\t\t\t\t<div class=\"elementor-widget-container\">\n\t\t\t\t\t<div class=\"elementor-spacer\">\n\t\t\t<div class=\"elementor-spacer-inner\"><\/div>\n\t\t<\/div>\n\t\t\t\t<\/div>\n\t\t\t\t<\/div>\n\t\t\t\t\t<\/div>\n\t\t<\/div>\n\t\t\t\t<div class=\"elementor-column elementor-col-33 elementor-top-column elementor-element elementor-element-e195885\" data-id=\"e195885\" data-element_type=\"column\">\n\t\t\t<div class=\"elementor-widget-wrap elementor-element-populated\">\n\t\t\t\t\t\t\t\t<div class=\"elementor-element elementor-element-f3d268d elementor-widget elementor-widget-text-editor\" data-id=\"f3d268d\" data-element_type=\"widget\" data-widget_type=\"text-editor.default\">\n\t\t\t\t<div class=\"elementor-widget-container\">\n\t\t\t\t\t\t\t<p>Im Zusammenhang mit zahn\u00e4rztlichen Behandlungen und chirurgischen Eingriffen gibt es in der Regel eine Reihe von Verhaltensempfehlungen, die dazu beitragen sollen, den Heilungsverlauf zu f\u00f6rdern und Ihre Schmerzen so gering wie m\u00f6glich zu halten. Ein komplikationsloser Heilungsverlauf ist bei vielen Behandlungen sehr wichtig f\u00fcr ein gutes Ergebnis.<\/p>\t\t\t\t\t\t<\/div>\n\t\t\t\t<\/div>\n\t\t\t\t\t<\/div>\n\t\t<\/div>\n\t\t\t\t<div class=\"elementor-column elementor-col-33 elementor-top-column elementor-element elementor-element-22524e8\" data-id=\"22524e8\" data-element_type=\"column\">\n\t\t\t<div class=\"elementor-widget-wrap elementor-element-populated\">\n\t\t\t\t\t\t\t\t<div class=\"elementor-element elementor-element-b46cba3 elementor-widget elementor-widget-text-editor\" data-id=\"b46cba3\" data-element_type=\"widget\" data-widget_type=\"text-editor.default\">\n\t\t\t\t<div class=\"elementor-widget-container\">\n\t\t\t\t\t\t\t<p>Besonders deutlich wird dies im Zusammenhang mit Implantaten und parodontalchirurgischen Eingriffen, bei denen die infektionsfreie Wundheilung in den ersten Tagen f\u00fcr den langfristigen Erfolg der Behandlung und ggf. der darauf aufbauenden weiteren Behandlungsschritte &#8211; z.B. prothetische Versorgung &#8211; von entscheidender Wichtigkeit sein kann.<\/p>\t\t\t\t\t\t<\/div>\n\t\t\t\t<\/div>\n\t\t\t\t\t<\/div>\n\t\t<\/div>\n\t\t\t\t\t\t\t<\/div>\n\t\t<\/section>\n\t\t\t\t<section class=\"elementor-section elementor-top-section elementor-element elementor-element-b0acbd4 elementor-section-stretched elementor-section-boxed elementor-section-height-default elementor-section-height-default\" data-id=\"b0acbd4\" data-element_type=\"section\" data-settings=\"{&quot;stretch_section&quot;:&quot;section-stretched&quot;}\">\n\t\t\t\t\t\t<div class=\"elementor-container elementor-column-gap-default\">\n\t\t\t\t\t<div class=\"elementor-column elementor-col-100 elementor-top-column elementor-element elementor-element-52069f2\" data-id=\"52069f2\" data-element_type=\"column\">\n\t\t\t<div class=\"elementor-widget-wrap elementor-element-populated\">\n\t\t\t\t\t\t\t\t<div class=\"elementor-element elementor-element-a09bfa8 elementor-widget elementor-widget-spacer\" data-id=\"a09bfa8\" data-element_type=\"widget\" data-widget_type=\"spacer.default\">\n\t\t\t\t<div class=\"elementor-widget-container\">\n\t\t\t\t\t<div class=\"elementor-spacer\">\n\t\t\t<div class=\"elementor-spacer-inner\"><\/div>\n\t\t<\/div>\n\t\t\t\t<\/div>\n\t\t\t\t<\/div>\n\t\t\t\t<section class=\"elementor-section elementor-inner-section elementor-element elementor-element-9285ecc elementor-reverse-mobile elementor-section-boxed elementor-section-height-default elementor-section-height-default\" data-id=\"9285ecc\" data-element_type=\"section\">\n\t\t\t\t\t\t<div class=\"elementor-container elementor-column-gap-default\">\n\t\t\t\t\t<div class=\"elementor-column elementor-col-50 elementor-inner-column elementor-element elementor-element-60ab30a\" data-id=\"60ab30a\" data-element_type=\"column\">\n\t\t\t<div class=\"elementor-widget-wrap elementor-element-populated\">\n\t\t\t\t\t\t\t\t<div class=\"elementor-element elementor-element-e964963 elementor-widget elementor-widget-image\" data-id=\"e964963\" data-element_type=\"widget\" data-widget_type=\"image.default\">\n\t\t\t\t<div class=\"elementor-widget-container\">\n\t\t\t\t\t\t\t\t\t\t\t\t\t\t\t<img decoding=\"async\" loading=\"lazy\" width=\"558\" height=\"800\" src=\"https:\/\/zahnarzt-blankenburg.de\/2019\/wp-content\/uploads\/2019\/08\/downloads.jpg\" class=\"attachment-large size-large wp-image-6009\" alt=\"\" srcset=\"https:\/\/zahnarzt-blankenburg.de\/2019\/wp-content\/uploads\/2019\/08\/downloads.jpg 558w, https:\/\/zahnarzt-blankenburg.de\/2019\/wp-content\/uploads\/2019\/08\/downloads-209x300.jpg 209w\" sizes=\"(max-width: 558px) 100vw, 558px\" title=\"downloads\" \/>\t\t\t\t\t\t\t\t\t\t\t\t\t\t\t<\/div>\n\t\t\t\t<\/div>\n\t\t\t\t\t<\/div>\n\t\t<\/div>\n\t\t\t\t<div class=\"elementor-column elementor-col-50 elementor-inner-column elementor-element elementor-element-4c5a2f8\" data-id=\"4c5a2f8\" data-element_type=\"column\">\n\t\t\t<div class=\"elementor-widget-wrap elementor-element-populated\">\n\t\t\t\t\t\t\t\t<div class=\"elementor-element elementor-element-b21adc2 elementor-widget elementor-widget-spacer\" data-id=\"b21adc2\" data-element_type=\"widget\" data-widget_type=\"spacer.default\">\n\t\t\t\t<div class=\"elementor-widget-container\">\n\t\t\t\t\t<div class=\"elementor-spacer\">\n\t\t\t<div class=\"elementor-spacer-inner\"><\/div>\n\t\t<\/div>\n\t\t\t\t<\/div>\n\t\t\t\t<\/div>\n\t\t\t\t<div class=\"elementor-element-custom_font_size elementor-element-custom_font_size_tablet elementor-element-custom_line_height elementor-element-custom_font_weight elementor-element elementor-element-3163c79 elementor-widget elementor-widget-text-editor\" data-id=\"3163c79\" data-element_type=\"widget\" data-widget_type=\"text-editor.default\">\n\t\t\t\t<div class=\"elementor-widget-container\">\n\t\t\t\t\t\t\tHier runter laden!\t\t\t\t\t\t<\/div>\n\t\t\t\t<\/div>\n\t\t\t\t<div class=\"elementor-element-custom_font_size elementor-element-custom_font_size_tablet elementor-element-custom_line_height elementor-element-custom_line_height_tablet elementor-element-custom_font_weight elementor-element elementor-element-f1b91ee elementor-widget elementor-widget-text-editor\" data-id=\"f1b91ee\" data-element_type=\"widget\" data-widget_type=\"text-editor.default\">\n\t\t\t\t<div class=\"elementor-widget-container\">\n\t\t\t\t\t\t\t<h2><span style=\"font-weight: 300;\"><span style=\"font-weight: bold;\">DOWNLOADS\u00a0<\/span> Informationen f\u00fcr Patienten<\/span><\/h2>\t\t\t\t\t\t<\/div>\n\t\t\t\t<\/div>\n\t\t\t\t<div class=\"elementor-element elementor-element-0c2e5f9 elementor-widget elementor-widget-spacer\" data-id=\"0c2e5f9\" data-element_type=\"widget\" data-widget_type=\"spacer.default\">\n\t\t\t\t<div class=\"elementor-widget-container\">\n\t\t\t\t\t<div class=\"elementor-spacer\">\n\t\t\t<div class=\"elementor-spacer-inner\"><\/div>\n\t\t<\/div>\n\t\t\t\t<\/div>\n\t\t\t\t<\/div>\n\t\t\t\t<div class=\"elementor-element-custom_color elementor-element elementor-element-6ae57b2 elementor-widget elementor-widget-text-editor\" data-id=\"6ae57b2\" data-element_type=\"widget\" data-widget_type=\"text-editor.default\">\n\t\t\t\t<div class=\"elementor-widget-container\">\n\t\t\t\t\t\t\tPatienten-Information zur &#8220;Implantation und Einwilligung&#8221;\t\t\t\t\t\t\t<\/div>\n\t\t\t\t<\/div>\n\t\t\t\t<div class=\"gt3-core-button--alignment_inline elementor-element elementor-element-88d70e9 elementor-widget elementor-widget-gt3-core-button\" data-id=\"88d70e9\" data-element_type=\"widget\" data-widget_type=\"gt3-core-button.default\">\n\t\t\t\t<div class=\"elementor-widget-container\">\n\t\t\t\t<div class=\"gt3_module_button_elementor size_normal alignment_inline button_icon_none hover_none rounded\">\r\n\t\t<a class=\"button_size_elementor_normal alignment_inline border_icon_none hover_none btn_icon_position_left\" href=\"https:\/\/zahnarzt-blankenburg.de\/2019\/wp-content\/uploads\/2019\/08\/Patienteninfo-Implantation.pdf\" target=\"_blank\">\r\n\t\t\t\t<span class=\"gt3_module_button__container\">\r\n\t\t\t\t\t\t\t\t\t\t\t<span class=\"gt3_module_button__cover front\"><span class=\"elementor_gt3_btn_text\">Download<\/span><\/span>\r\n\t\t\t\t\t\t\t\t\t\t\t\t\t\t\t<\/span>\r\n\t\t<\/a>\r\n\t<\/div>\r\n\r\n<script type=\"application\/json\" id=\"settings--88d70e9\">[]<\/script>\t\t<\/div>\n\t\t\t\t<\/div>\n\t\t\t\t<div class=\"elementor-element elementor-element-2347288 elementor-widget elementor-widget-spacer\" data-id=\"2347288\" data-element_type=\"widget\" data-widget_type=\"spacer.default\">\n\t\t\t\t<div class=\"elementor-widget-container\">\n\t\t\t\t\t<div class=\"elementor-spacer\">\n\t\t\t<div class=\"elementor-spacer-inner\"><\/div>\n\t\t<\/div>\n\t\t\t\t<\/div>\n\t\t\t\t<\/div>\n\t\t\t\t<div class=\"elementor-element-custom_color elementor-element elementor-element-da3176e elementor-widget elementor-widget-text-editor\" data-id=\"da3176e\" data-element_type=\"widget\" data-widget_type=\"text-editor.default\">\n\t\t\t\t<div class=\"elementor-widget-container\">\n\t\t\t\t\t\t\t<p>Patienten-Information zur &#8220;Mundhygiene&#8221;<\/p>\t\t\t\t\t\t<\/div>\n\t\t\t\t<\/div>\n\t\t\t\t<div class=\"gt3-core-button--alignment_inline elementor-element elementor-element-5da28ad elementor-widget elementor-widget-gt3-core-button\" data-id=\"5da28ad\" data-element_type=\"widget\" data-widget_type=\"gt3-core-button.default\">\n\t\t\t\t<div class=\"elementor-widget-container\">\n\t\t\t\t<div class=\"gt3_module_button_elementor size_normal alignment_inline button_icon_none hover_none rounded\">\r\n\t\t<a class=\"button_size_elementor_normal alignment_inline border_icon_none hover_none btn_icon_position_left\" href=\"https:\/\/zahnarzt-blankenburg.de\/2019\/wp-content\/uploads\/2019\/08\/Patienteninfo-Mundhygiene.pdf\" target=\"_blank\">\r\n\t\t\t\t<span class=\"gt3_module_button__container\">\r\n\t\t\t\t\t\t\t\t\t\t\t<span class=\"gt3_module_button__cover front\"><span class=\"elementor_gt3_btn_text\">Download<\/span><\/span>\r\n\t\t\t\t\t\t\t\t\t\t\t\t\t\t\t<\/span>\r\n\t\t<\/a>\r\n\t<\/div>\r\n\r\n<script type=\"application\/json\" id=\"settings--5da28ad\">[]<\/script>\t\t<\/div>\n\t\t\t\t<\/div>\n\t\t\t\t<div class=\"elementor-element elementor-element-9bcf47a elementor-widget elementor-widget-spacer\" data-id=\"9bcf47a\" data-element_type=\"widget\" data-widget_type=\"spacer.default\">\n\t\t\t\t<div class=\"elementor-widget-container\">\n\t\t\t\t\t<div class=\"elementor-spacer\">\n\t\t\t<div class=\"elementor-spacer-inner\"><\/div>\n\t\t<\/div>\n\t\t\t\t<\/div>\n\t\t\t\t<\/div>\n\t\t\t\t<div class=\"elementor-element-custom_color elementor-element elementor-element-5406a08 elementor-widget elementor-widget-text-editor\" data-id=\"5406a08\" data-element_type=\"widget\" data-widget_type=\"text-editor.default\">\n\t\t\t\t<div class=\"elementor-widget-container\">\n\t\t\t\t\t\t\t<p>Patienten-Information zur &#8220;Reisezahnmedizin&#8221;<\/p>\t\t\t\t\t\t<\/div>\n\t\t\t\t<\/div>\n\t\t\t\t<div class=\"gt3-core-button--alignment_inline elementor-element elementor-element-1f1eb55 elementor-widget elementor-widget-gt3-core-button\" data-id=\"1f1eb55\" data-element_type=\"widget\" data-widget_type=\"gt3-core-button.default\">\n\t\t\t\t<div class=\"elementor-widget-container\">\n\t\t\t\t<div class=\"gt3_module_button_elementor size_normal alignment_inline button_icon_none hover_none rounded\">\r\n\t\t<a class=\"button_size_elementor_normal alignment_inline border_icon_none hover_none btn_icon_position_left\" href=\"https:\/\/zahnarzt-blankenburg.de\/2019\/wp-content\/uploads\/2019\/08\/Patienteninfo-Reisezahnmedizin.pdf\" target=\"_blank\">\r\n\t\t\t\t<span class=\"gt3_module_button__container\">\r\n\t\t\t\t\t\t\t\t\t\t\t<span class=\"gt3_module_button__cover front\"><span class=\"elementor_gt3_btn_text\">Download<\/span><\/span>\r\n\t\t\t\t\t\t\t\t\t\t\t\t\t\t\t<\/span>\r\n\t\t<\/a>\r\n\t<\/div>\r\n\r\n<script type=\"application\/json\" id=\"settings--1f1eb55\">[]<\/script>\t\t<\/div>\n\t\t\t\t<\/div>\n\t\t\t\t\t<\/div>\n\t\t<\/div>\n\t\t\t\t\t\t\t<\/div>\n\t\t<\/section>\n\t\t\t\t\t<\/div>\n\t\t<\/div>\n\t\t\t\t\t\t\t<\/div>\n\t\t<\/section>\n\t\t\t\t\t\t\t<\/div>\n\t\t","protected":false},"excerpt":{"rendered":"<p>Implantation &#8211; Mundhygiene &#8211; Reisezahnmedizin Im Zusammenhang mit zahn\u00e4rztlichen Behandlungen und chirurgischen Eingriffen gibt es in der Regel eine Reihe von Verhaltensempfehlungen, die dazu beitragen sollen, den Heilungsverlauf zu f\u00f6rdern und Ihre Schmerzen so gering wie m\u00f6glich zu halten. Ein komplikationsloser Heilungsverlauf ist bei vielen Behandlungen sehr wichtig f\u00fcr ein gutes Ergebnis. Besonders deutlich wird [&hellip;]<\/p>\n","protected":false},"author":1,"featured_media":0,"parent":0,"menu_order":0,"comment_status":"closed","ping_status":"closed","template":"","meta":{"_seopress_robots_primary_cat":"","footnotes":""},"_links":{"self":[{"href":"https:\/\/zahnarzt-blankenburg.de\/2019\/wp-json\/wp\/v2\/pages\/6004"}],"collection":[{"href":"https:\/\/zahnarzt-blankenburg.de\/2019\/wp-json\/wp\/v2\/pages"}],"about":[{"href":"https:\/\/zahnarzt-blankenburg.de\/2019\/wp-json\/wp\/v2\/types\/page"}],"author":[{"embeddable":true,"href":"https:\/\/zahnarzt-blankenburg.de\/2019\/wp-json\/wp\/v2\/users\/1"}],"replies":[{"embeddable":true,"href":"https:\/\/zahnarzt-blankenburg.de\/2019\/wp-json\/wp\/v2\/comments?post=6004"}],"version-history":[{"count":7,"href":"https:\/\/zahnarzt-blankenburg.de\/2019\/wp-json\/wp\/v2\/pages\/6004\/revisions"}],"predecessor-version":[{"id":6077,"href":"https:\/\/zahnarzt-blankenburg.de\/2019\/wp-json\/wp\/v2\/pages\/6004\/revisions\/6077"}],"wp:attachment":[{"href":"https:\/\/zahnarzt-blankenburg.de\/2019\/wp-json\/wp\/v2\/media?parent=6004"}],"curies":[{"name":"wp","href":"https:\/\/api.w.org\/{rel}","templated":true}]}}