{"id":5993,"date":"2019-08-12T18:52:32","date_gmt":"2019-08-12T16:52:32","guid":{"rendered":"https:\/\/zahnarzt-blankenburg.de\/2019\/?page_id=5993"},"modified":"2019-08-13T11:28:40","modified_gmt":"2019-08-13T09:28:40","slug":"leistungen","status":"publish","type":"page","link":"https:\/\/zahnarzt-blankenburg.de\/2019\/leistungen\/","title":{"rendered":"Leistungen"},"content":{"rendered":"\t\t<div data-elementor-type=\"wp-post\" data-elementor-id=\"5993\" class=\"elementor elementor-5993\">\n\t\t\t\t\t\t\t\t\t<section class=\"elementor-section elementor-top-section elementor-element elementor-element-258cd867 elementor-section-stretched elementor-section-boxed elementor-section-height-default elementor-section-height-default\" data-id=\"258cd867\" data-element_type=\"section\" data-settings=\"{&quot;stretch_section&quot;:&quot;section-stretched&quot;,&quot;background_background&quot;:&quot;classic&quot;}\">\n\t\t\t\t\t\t\t<div class=\"elementor-background-overlay\"><\/div>\n\t\t\t\t\t\t\t<div class=\"elementor-container elementor-column-gap-default\">\n\t\t\t\t\t<div class=\"elementor-column elementor-col-100 elementor-top-column elementor-element elementor-element-278e7d59\" data-id=\"278e7d59\" data-element_type=\"column\">\n\t\t\t<div class=\"elementor-widget-wrap elementor-element-populated\">\n\t\t\t\t\t\t\t\t<section class=\"elementor-section elementor-inner-section elementor-element elementor-element-7413a36c elementor-section-boxed elementor-section-height-default elementor-section-height-default\" data-id=\"7413a36c\" data-element_type=\"section\">\n\t\t\t\t\t\t<div class=\"elementor-container elementor-column-gap-default\">\n\t\t\t\t\t<div class=\"elementor-column elementor-col-100 elementor-inner-column elementor-element elementor-element-4530e81b\" data-id=\"4530e81b\" data-element_type=\"column\">\n\t\t\t<div class=\"elementor-widget-wrap elementor-element-populated\">\n\t\t\t\t\t\t\t\t<div class=\"elementor-element elementor-element-6da26d21 elementor-widget elementor-widget-spacer\" data-id=\"6da26d21\" data-element_type=\"widget\" data-widget_type=\"spacer.default\">\n\t\t\t\t<div class=\"elementor-widget-container\">\n\t\t\t\t\t<div class=\"elementor-spacer\">\n\t\t\t<div class=\"elementor-spacer-inner\"><\/div>\n\t\t<\/div>\n\t\t\t\t<\/div>\n\t\t\t\t<\/div>\n\t\t\t\t<div class=\"elementor-element-custom_font_size elementor-element-custom_line_height elementor-element-custom_font_weight elementor-element elementor-element-42cfd0e elementor-widget elementor-widget-text-editor\" data-id=\"42cfd0e\" data-element_type=\"widget\" data-widget_type=\"text-editor.default\">\n\t\t\t\t<div class=\"elementor-widget-container\">\n\t\t\t\t\t\t\t<h2><span class=\"gt3_title_line left\" style=\"color: #cecfd2;\"><span><\/span><\/span>&#8211; das ist mein Ziel<\/h2>\t\t\t\t\t\t<\/div>\n\t\t\t\t<\/div>\n\t\t\t\t<div class=\"elementor-element elementor-element-142001ac elementor-widget elementor-widget-spacer\" data-id=\"142001ac\" data-element_type=\"widget\" data-widget_type=\"spacer.default\">\n\t\t\t\t<div class=\"elementor-widget-container\">\n\t\t\t\t\t<div class=\"elementor-spacer\">\n\t\t\t<div class=\"elementor-spacer-inner\"><\/div>\n\t\t<\/div>\n\t\t\t\t<\/div>\n\t\t\t\t<\/div>\n\t\t\t\t<div class=\"elementor-element-custom_font_size elementor-element-custom_line_height elementor-element elementor-element-26a1ac85 elementor-widget elementor-widget-text-editor\" data-id=\"26a1ac85\" data-element_type=\"widget\" data-widget_type=\"text-editor.default\">\n\t\t\t\t<div class=\"elementor-widget-container\">\n\t\t\t\t\t\t\t<p>Der Erhalt und die Gesundheit Ihrer Z\u00e4hne &#8211; von Kindesbeinen an bis ins hohe Alter.<br \/>Wir finden mit Ihnen zusammen die Behandlung, die Ihren Bed\u00fcrfnissen und W\u00fcnschen entspricht.<\/p>\t\t\t\t\t\t<\/div>\n\t\t\t\t<\/div>\n\t\t\t\t<div class=\"elementor-element elementor-element-7bf69c8a elementor-widget elementor-widget-spacer\" data-id=\"7bf69c8a\" data-element_type=\"widget\" data-widget_type=\"spacer.default\">\n\t\t\t\t<div class=\"elementor-widget-container\">\n\t\t\t\t\t<div class=\"elementor-spacer\">\n\t\t\t<div class=\"elementor-spacer-inner\"><\/div>\n\t\t<\/div>\n\t\t\t\t<\/div>\n\t\t\t\t<\/div>\n\t\t\t\t\t<\/div>\n\t\t<\/div>\n\t\t\t\t\t\t\t<\/div>\n\t\t<\/section>\n\t\t\t\t<section class=\"elementor-section elementor-inner-section elementor-element elementor-element-4f284b44 elementor-section-boxed elementor-section-height-default elementor-section-height-default\" data-id=\"4f284b44\" data-element_type=\"section\">\n\t\t\t\t\t\t<div class=\"elementor-container elementor-column-gap-default\">\n\t\t\t\t\t<div class=\"elementor-column elementor-col-33 elementor-inner-column elementor-element elementor-element-22534f71\" data-id=\"22534f71\" data-element_type=\"column\">\n\t\t\t<div class=\"elementor-widget-wrap elementor-element-populated\">\n\t\t\t\t\t\t\t\t<div class=\"elementor-element-custom_line_height elementor-element-custom_font_weight elementor-element elementor-element-32dc6a8c elementor-widget elementor-widget-text-editor\" data-id=\"32dc6a8c\" data-element_type=\"widget\" data-widget_type=\"text-editor.default\">\n\t\t\t\t<div class=\"elementor-widget-container\">\n\t\t\t\t\t\t\t Behandlungen von Krankheiten\t\t\t\t\t\t\t<\/div>\n\t\t\t\t<\/div>\n\t\t\t\t<div class=\"elementor-element elementor-element-9ea629b elementor-widget-divider--view-line elementor-widget elementor-widget-divider\" data-id=\"9ea629b\" data-element_type=\"widget\" data-widget_type=\"divider.default\">\n\t\t\t\t<div class=\"elementor-widget-container\">\n\t\t\t\t\t<div class=\"elementor-divider\">\n\t\t\t<span class=\"elementor-divider-separator\">\n\t\t\t\t\t\t<\/span>\n\t\t<\/div>\n\t\t\t\t<\/div>\n\t\t\t\t<\/div>\n\t\t\t\t<div class=\"elementor-element-custom_font_size elementor-element-custom_line_height elementor-element elementor-element-46bc7860 elementor-widget elementor-widget-text-editor\" data-id=\"46bc7860\" data-element_type=\"widget\" data-widget_type=\"text-editor.default\">\n\t\t\t\t<div class=\"elementor-widget-container\">\n\t\t\t\t\t\t\t<p><span>Zahnkaries<\/span><br \/><br \/><span>Wurzelbehandlungen<\/span><br \/><br \/><span>Parodontologie<\/span><br \/><br \/><span>Kiefer- und Kiefergelenk<\/span><br \/><br \/><span>Schnarchen und Knirschen<\/span><\/p>\t\t\t\t\t\t<\/div>\n\t\t\t\t<\/div>\n\t\t\t\t<div class=\"elementor-element elementor-element-2b5973d2 elementor-widget elementor-widget-spacer\" data-id=\"2b5973d2\" data-element_type=\"widget\" data-widget_type=\"spacer.default\">\n\t\t\t\t<div class=\"elementor-widget-container\">\n\t\t\t\t\t<div class=\"elementor-spacer\">\n\t\t\t<div class=\"elementor-spacer-inner\"><\/div>\n\t\t<\/div>\n\t\t\t\t<\/div>\n\t\t\t\t<\/div>\n\t\t\t\t\t<\/div>\n\t\t<\/div>\n\t\t\t\t<div class=\"elementor-column elementor-col-33 elementor-inner-column elementor-element elementor-element-6147a3f7\" data-id=\"6147a3f7\" data-element_type=\"column\">\n\t\t\t<div class=\"elementor-widget-wrap elementor-element-populated\">\n\t\t\t\t\t\t\t\t<div class=\"elementor-element-custom_line_height elementor-element-custom_font_weight elementor-element elementor-element-2d617917 elementor-widget elementor-widget-text-editor\" data-id=\"2d617917\" data-element_type=\"widget\" data-widget_type=\"text-editor.default\">\n\t\t\t\t<div class=\"elementor-widget-container\">\n\t\t\t\t\t\t\t<p><strong><span class=\"style20\">Zahn\u00e4sthetik<\/span><\/strong><\/p>\t\t\t\t\t\t<\/div>\n\t\t\t\t<\/div>\n\t\t\t\t<div class=\"elementor-element elementor-element-bdd15f9 elementor-widget-divider--view-line elementor-widget elementor-widget-divider\" data-id=\"bdd15f9\" data-element_type=\"widget\" data-widget_type=\"divider.default\">\n\t\t\t\t<div class=\"elementor-widget-container\">\n\t\t\t\t\t<div class=\"elementor-divider\">\n\t\t\t<span class=\"elementor-divider-separator\">\n\t\t\t\t\t\t<\/span>\n\t\t<\/div>\n\t\t\t\t<\/div>\n\t\t\t\t<\/div>\n\t\t\t\t<div class=\"elementor-element-custom_font_size elementor-element-custom_line_height elementor-element elementor-element-4a22260e elementor-widget elementor-widget-text-editor\" data-id=\"4a22260e\" data-element_type=\"widget\" data-widget_type=\"text-editor.default\">\n\t\t\t\t<div class=\"elementor-widget-container\">\n\t\t\t\t\t\t\t<p><span>Prof. Zahnreinigung<\/span><\/p><p><span>Prof. Zahnaufhellung<\/span><\/p><p><span>Verblendsch\u00e4len\u00a0<\/span><\/p><p><span>Vollkeramik<\/span><\/p><p><span>Amalgamfreie Versorgung<\/span><\/p>\t\t\t\t\t\t<\/div>\n\t\t\t\t<\/div>\n\t\t\t\t<div class=\"elementor-element elementor-element-3cd0b766 elementor-widget elementor-widget-spacer\" data-id=\"3cd0b766\" data-element_type=\"widget\" data-widget_type=\"spacer.default\">\n\t\t\t\t<div class=\"elementor-widget-container\">\n\t\t\t\t\t<div class=\"elementor-spacer\">\n\t\t\t<div class=\"elementor-spacer-inner\"><\/div>\n\t\t<\/div>\n\t\t\t\t<\/div>\n\t\t\t\t<\/div>\n\t\t\t\t\t<\/div>\n\t\t<\/div>\n\t\t\t\t<div class=\"elementor-column elementor-col-33 elementor-inner-column elementor-element elementor-element-13c8f839\" data-id=\"13c8f839\" data-element_type=\"column\">\n\t\t\t<div class=\"elementor-widget-wrap elementor-element-populated\">\n\t\t\t\t\t\t\t\t<div class=\"elementor-element-custom_line_height elementor-element-custom_font_weight elementor-element elementor-element-472849c4 elementor-widget elementor-widget-text-editor\" data-id=\"472849c4\" data-element_type=\"widget\" data-widget_type=\"text-editor.default\">\n\t\t\t\t<div class=\"elementor-widget-container\">\n\t\t\t\t\t\t\tZahnersatz\/ Zahnl\u00fccken\t\t\t\t\t\t\t<\/div>\n\t\t\t\t<\/div>\n\t\t\t\t<div class=\"elementor-element elementor-element-ffcd5ea elementor-widget-divider--view-line elementor-widget elementor-widget-divider\" data-id=\"ffcd5ea\" data-element_type=\"widget\" data-widget_type=\"divider.default\">\n\t\t\t\t<div class=\"elementor-widget-container\">\n\t\t\t\t\t<div class=\"elementor-divider\">\n\t\t\t<span class=\"elementor-divider-separator\">\n\t\t\t\t\t\t<\/span>\n\t\t<\/div>\n\t\t\t\t<\/div>\n\t\t\t\t<\/div>\n\t\t\t\t<div class=\"elementor-element-custom_font_size elementor-element-custom_line_height elementor-element elementor-element-66615d36 elementor-widget elementor-widget-text-editor\" data-id=\"66615d36\" data-element_type=\"widget\" data-widget_type=\"text-editor.default\">\n\t\t\t\t<div class=\"elementor-widget-container\">\n\t\t\t\t\t\t\t<p>Kronen, Br\u00fccken<\/p><p>Implantate<\/p><p>Hochwertiger Zahnersatz<\/p><p>Implantate f\u00fcr Gebi\u00dftr\u00e4ger<\/p><p>Teilprothesen, Vollprothesen<\/p><p>Zahnimplantate<\/p>\t\t\t\t\t\t<\/div>\n\t\t\t\t<\/div>\n\t\t\t\t<div class=\"elementor-element elementor-element-2f630496 elementor-widget elementor-widget-spacer\" data-id=\"2f630496\" data-element_type=\"widget\" data-widget_type=\"spacer.default\">\n\t\t\t\t<div class=\"elementor-widget-container\">\n\t\t\t\t\t<div class=\"elementor-spacer\">\n\t\t\t<div class=\"elementor-spacer-inner\"><\/div>\n\t\t<\/div>\n\t\t\t\t<\/div>\n\t\t\t\t<\/div>\n\t\t\t\t\t<\/div>\n\t\t<\/div>\n\t\t\t\t\t\t\t<\/div>\n\t\t<\/section>\n\t\t\t\t<section class=\"elementor-section elementor-inner-section elementor-element elementor-element-14863e15 elementor-section-boxed elementor-section-height-default elementor-section-height-default\" data-id=\"14863e15\" data-element_type=\"section\">\n\t\t\t\t\t\t<div class=\"elementor-container elementor-column-gap-default\">\n\t\t\t\t\t<div class=\"elementor-column elementor-col-33 elementor-inner-column elementor-element elementor-element-209f9c73\" data-id=\"209f9c73\" data-element_type=\"column\">\n\t\t\t<div class=\"elementor-widget-wrap elementor-element-populated\">\n\t\t\t\t\t\t\t\t<div class=\"elementor-element-custom_line_height elementor-element-custom_font_weight elementor-element elementor-element-75334642 elementor-widget elementor-widget-text-editor\" data-id=\"75334642\" data-element_type=\"widget\" data-widget_type=\"text-editor.default\">\n\t\t\t\t<div class=\"elementor-widget-container\">\n\t\t\t\t\t\t\tZahnarztangst\t\t\t\t\t\t<\/div>\n\t\t\t\t<\/div>\n\t\t\t\t<div class=\"elementor-element elementor-element-839c2f9 elementor-widget-divider--view-line elementor-widget elementor-widget-divider\" data-id=\"839c2f9\" data-element_type=\"widget\" data-widget_type=\"divider.default\">\n\t\t\t\t<div class=\"elementor-widget-container\">\n\t\t\t\t\t<div class=\"elementor-divider\">\n\t\t\t<span class=\"elementor-divider-separator\">\n\t\t\t\t\t\t<\/span>\n\t\t<\/div>\n\t\t\t\t<\/div>\n\t\t\t\t<\/div>\n\t\t\t\t<div class=\"elementor-element-custom_font_size elementor-element-custom_line_height elementor-element elementor-element-6d627787 elementor-widget elementor-widget-text-editor\" data-id=\"6d627787\" data-element_type=\"widget\" data-widget_type=\"text-editor.default\">\n\t\t\t\t<div class=\"elementor-widget-container\">\n\t\t\t\t\t\t\t<p>Angstpatient<\/p><p>Vollnarkose<\/p><p>Hypnose<\/p>\t\t\t\t\t\t<\/div>\n\t\t\t\t<\/div>\n\t\t\t\t<div class=\"elementor-element elementor-element-45763425 elementor-widget elementor-widget-spacer\" data-id=\"45763425\" data-element_type=\"widget\" data-widget_type=\"spacer.default\">\n\t\t\t\t<div class=\"elementor-widget-container\">\n\t\t\t\t\t<div class=\"elementor-spacer\">\n\t\t\t<div class=\"elementor-spacer-inner\"><\/div>\n\t\t<\/div>\n\t\t\t\t<\/div>\n\t\t\t\t<\/div>\n\t\t\t\t\t<\/div>\n\t\t<\/div>\n\t\t\t\t<div class=\"elementor-column elementor-col-33 elementor-inner-column elementor-element elementor-element-214ef1c0\" data-id=\"214ef1c0\" data-element_type=\"column\">\n\t\t\t<div class=\"elementor-widget-wrap elementor-element-populated\">\n\t\t\t\t\t\t\t\t<div class=\"elementor-element-custom_line_height elementor-element-custom_font_weight elementor-element elementor-element-23362924 elementor-widget elementor-widget-text-editor\" data-id=\"23362924\" data-element_type=\"widget\" data-widget_type=\"text-editor.default\">\n\t\t\t\t<div class=\"elementor-widget-container\">\n\t\t\t\t\t\t\tKinderbehandlung\t\t\t\t\t\t<\/div>\n\t\t\t\t<\/div>\n\t\t\t\t<div class=\"elementor-element elementor-element-01881c6 elementor-widget-divider--view-line elementor-widget elementor-widget-divider\" data-id=\"01881c6\" data-element_type=\"widget\" data-widget_type=\"divider.default\">\n\t\t\t\t<div class=\"elementor-widget-container\">\n\t\t\t\t\t<div class=\"elementor-divider\">\n\t\t\t<span class=\"elementor-divider-separator\">\n\t\t\t\t\t\t<\/span>\n\t\t<\/div>\n\t\t\t\t<\/div>\n\t\t\t\t<\/div>\n\t\t\t\t<div class=\"elementor-element-custom_font_size elementor-element-custom_line_height elementor-element elementor-element-55f01694 elementor-widget elementor-widget-text-editor\" data-id=\"55f01694\" data-element_type=\"widget\" data-widget_type=\"text-editor.default\">\n\t\t\t\t<div class=\"elementor-widget-container\">\n\t\t\t\t\t\t\t<p>Individualprophylaxe<\/p><p>Zahnputztechniken<\/p><p>Zahnkaries<\/p>\t\t\t\t\t\t<\/div>\n\t\t\t\t<\/div>\n\t\t\t\t<div class=\"elementor-element elementor-element-1205dab7 elementor-widget elementor-widget-spacer\" data-id=\"1205dab7\" data-element_type=\"widget\" data-widget_type=\"spacer.default\">\n\t\t\t\t<div class=\"elementor-widget-container\">\n\t\t\t\t\t<div class=\"elementor-spacer\">\n\t\t\t<div class=\"elementor-spacer-inner\"><\/div>\n\t\t<\/div>\n\t\t\t\t<\/div>\n\t\t\t\t<\/div>\n\t\t\t\t\t<\/div>\n\t\t<\/div>\n\t\t\t\t<div class=\"elementor-column elementor-col-33 elementor-inner-column elementor-element elementor-element-2fb43c03\" data-id=\"2fb43c03\" data-element_type=\"column\">\n\t\t\t<div class=\"elementor-widget-wrap elementor-element-populated\">\n\t\t\t\t\t\t\t\t<div class=\"elementor-element-custom_line_height elementor-element-custom_font_weight elementor-element elementor-element-1af3fa3b elementor-widget elementor-widget-text-editor\" data-id=\"1af3fa3b\" data-element_type=\"widget\" data-widget_type=\"text-editor.default\">\n\t\t\t\t<div class=\"elementor-widget-container\">\n\t\t\t\t\t\t\tService\t\t\t\t\t\t<\/div>\n\t\t\t\t<\/div>\n\t\t\t\t<div class=\"elementor-element elementor-element-a6752e8 elementor-widget-divider--view-line elementor-widget elementor-widget-divider\" data-id=\"a6752e8\" data-element_type=\"widget\" data-widget_type=\"divider.default\">\n\t\t\t\t<div class=\"elementor-widget-container\">\n\t\t\t\t\t<div class=\"elementor-divider\">\n\t\t\t<span class=\"elementor-divider-separator\">\n\t\t\t\t\t\t<\/span>\n\t\t<\/div>\n\t\t\t\t<\/div>\n\t\t\t\t<\/div>\n\t\t\t\t<div class=\"elementor-element-custom_font_size elementor-element-custom_line_height elementor-element elementor-element-235cb05a elementor-widget elementor-widget-text-editor\" data-id=\"235cb05a\" data-element_type=\"widget\" data-widget_type=\"text-editor.default\">\n\t\t\t\t<div class=\"elementor-widget-container\">\n\t\t\t\t\t\t\t<p>Recall-Service<\/p><p>Teilzahlung<\/p><p>Ausl\u00e4ndischer Zahnersatz zu<br \/>g\u00fcnstigen Preisen auf Wunsch<\/p>\t\t\t\t\t\t<\/div>\n\t\t\t\t<\/div>\n\t\t\t\t\t<\/div>\n\t\t<\/div>\n\t\t\t\t\t\t\t<\/div>\n\t\t<\/section>\n\t\t\t\t<div class=\"elementor-element elementor-element-43cc4db elementor-widget elementor-widget-spacer\" data-id=\"43cc4db\" data-element_type=\"widget\" data-widget_type=\"spacer.default\">\n\t\t\t\t<div class=\"elementor-widget-container\">\n\t\t\t\t\t<div class=\"elementor-spacer\">\n\t\t\t<div class=\"elementor-spacer-inner\"><\/div>\n\t\t<\/div>\n\t\t\t\t<\/div>\n\t\t\t\t<\/div>\n\t\t\t\t\t<\/div>\n\t\t<\/div>\n\t\t\t\t\t\t\t<\/div>\n\t\t<\/section>\n\t\t\t\t<section class=\"elementor-section elementor-top-section elementor-element elementor-element-d81a85e elementor-section-boxed elementor-section-height-default elementor-section-height-default\" data-id=\"d81a85e\" data-element_type=\"section\">\n\t\t\t\t\t\t<div class=\"elementor-container elementor-column-gap-default\">\n\t\t\t\t\t<div class=\"elementor-column elementor-col-100 elementor-top-column elementor-element elementor-element-be403df\" data-id=\"be403df\" data-element_type=\"column\">\n\t\t\t<div class=\"elementor-widget-wrap elementor-element-populated\">\n\t\t\t\t\t\t\t\t<div class=\"elementor-element elementor-element-211e548 elementor-widget elementor-widget-spacer\" data-id=\"211e548\" data-element_type=\"widget\" data-widget_type=\"spacer.default\">\n\t\t\t\t<div class=\"elementor-widget-container\">\n\t\t\t\t\t<div class=\"elementor-spacer\">\n\t\t\t<div class=\"elementor-spacer-inner\"><\/div>\n\t\t<\/div>\n\t\t\t\t<\/div>\n\t\t\t\t<\/div>\n\t\t\t\t\t<\/div>\n\t\t<\/div>\n\t\t\t\t\t\t\t<\/div>\n\t\t<\/section>\n\t\t\t\t<section class=\"elementor-section elementor-top-section elementor-element elementor-element-4189bd4e elementor-section-stretched elementor-section-boxed elementor-section-height-default elementor-section-height-default\" data-id=\"4189bd4e\" data-element_type=\"section\" data-settings=\"{&quot;stretch_section&quot;:&quot;section-stretched&quot;}\">\n\t\t\t\t\t\t<div class=\"elementor-container elementor-column-gap-default\">\n\t\t\t\t\t<div class=\"elementor-column elementor-col-100 elementor-top-column elementor-element elementor-element-2c5cda57\" data-id=\"2c5cda57\" data-element_type=\"column\">\n\t\t\t<div class=\"elementor-widget-wrap elementor-element-populated\">\n\t\t\t\t\t\t\t\t<div class=\"elementor-element elementor-element-ea3ebbc elementor-widget elementor-widget-spacer\" data-id=\"ea3ebbc\" data-element_type=\"widget\" data-widget_type=\"spacer.default\">\n\t\t\t\t<div class=\"elementor-widget-container\">\n\t\t\t\t\t<div class=\"elementor-spacer\">\n\t\t\t<div class=\"elementor-spacer-inner\"><\/div>\n\t\t<\/div>\n\t\t\t\t<\/div>\n\t\t\t\t<\/div>\n\t\t\t\t<div class=\"elementor-element elementor-element-9389735 elementor-widget elementor-widget-image\" data-id=\"9389735\" data-element_type=\"widget\" data-widget_type=\"image.default\">\n\t\t\t\t<div class=\"elementor-widget-container\">\n\t\t\t\t\t\t\t\t\t\t\t\t\t\t\t<img decoding=\"async\" src=\"https:\/\/zahnarzt-blankenburg.de\/2019\/wp-content\/uploads\/elementor\/thumbs\/zahn-1-oc65t4ui48vlz5n6eptswcnwjnrk9790vrviqt9abs.jpg\" title=\"zahn\" alt=\"zahn\" loading=\"lazy\" \/>\t\t\t\t\t\t\t\t\t\t\t\t\t\t\t<\/div>\n\t\t\t\t<\/div>\n\t\t\t\t\t<\/div>\n\t\t<\/div>\n\t\t\t\t\t\t\t<\/div>\n\t\t<\/section>\n\t\t\t\t\t\t\t<\/div>\n\t\t","protected":false},"excerpt":{"rendered":"<p>&#8211; das ist mein Ziel Der Erhalt und die Gesundheit Ihrer Z\u00e4hne &#8211; von Kindesbeinen an bis ins hohe Alter.Wir finden mit Ihnen zusammen die Behandlung, die Ihren Bed\u00fcrfnissen und W\u00fcnschen entspricht. Behandlungen von Krankheiten Zahnkaries Wurzelbehandlungen Parodontologie Kiefer- und Kiefergelenk Schnarchen und Knirschen Zahn\u00e4sthetik Prof. Zahnreinigung Prof. Zahnaufhellung Verblendsch\u00e4len\u00a0 Vollkeramik Amalgamfreie Versorgung Zahnersatz\/ Zahnl\u00fccken [&hellip;]<\/p>\n","protected":false},"author":1,"featured_media":0,"parent":0,"menu_order":0,"comment_status":"closed","ping_status":"closed","template":"","meta":{"_seopress_robots_primary_cat":"","footnotes":""},"_links":{"self":[{"href":"https:\/\/zahnarzt-blankenburg.de\/2019\/wp-json\/wp\/v2\/pages\/5993"}],"collection":[{"href":"https:\/\/zahnarzt-blankenburg.de\/2019\/wp-json\/wp\/v2\/pages"}],"about":[{"href":"https:\/\/zahnarzt-blankenburg.de\/2019\/wp-json\/wp\/v2\/types\/page"}],"author":[{"embeddable":true,"href":"https:\/\/zahnarzt-blankenburg.de\/2019\/wp-json\/wp\/v2\/users\/1"}],"replies":[{"embeddable":true,"href":"https:\/\/zahnarzt-blankenburg.de\/2019\/wp-json\/wp\/v2\/comments?post=5993"}],"version-history":[{"count":8,"href":"https:\/\/zahnarzt-blankenburg.de\/2019\/wp-json\/wp\/v2\/pages\/5993\/revisions"}],"predecessor-version":[{"id":6019,"href":"https:\/\/zahnarzt-blankenburg.de\/2019\/wp-json\/wp\/v2\/pages\/5993\/revisions\/6019"}],"wp:attachment":[{"href":"https:\/\/zahnarzt-blankenburg.de\/2019\/wp-json\/wp\/v2\/media?parent=5993"}],"curies":[{"name":"wp","href":"https:\/\/api.w.org\/{rel}","templated":true}]}}